{"id":3,"date":"2025-12-16T17:25:35","date_gmt":"2025-12-16T17:25:35","guid":{"rendered":"http:\/\/locationadanac.com\/?page_id=3"},"modified":"2025-12-18T18:57:30","modified_gmt":"2025-12-18T18:57:30","slug":"privacy-policy","status":"publish","type":"page","link":"https:\/\/locationadanac.com\/en\/privacy-policy\/","title":{"rendered":"Privacy Policy"},"content":{"rendered":"<div data-elementor-type=\"wp-page\" data-elementor-id=\"3\" class=\"elementor elementor-3\">\n\t\t\t\t<div class=\"elementor-element elementor-element-51e0f0cc e-flex e-con-boxed e-con e-parent\" data-id=\"51e0f0cc\" data-element_type=\"container\">\n\t\t\t\t\t<div class=\"e-con-inner\">\n\t\t\t\t<div class=\"elementor-element elementor-element-23f4abf elementor-widget elementor-widget-heading\" data-id=\"23f4abf\" data-element_type=\"widget\" data-widget_type=\"heading.default\">\n\t\t\t\t\t<h2 class=\"elementor-heading-title elementor-size-default\">PRIVACY POLICY<\/h2>\t\t\t\t<\/div>\n\t\t\t\t<div class=\"elementor-element elementor-element-bb218f1 elementor-widget elementor-widget-text-editor\" data-id=\"bb218f1\" data-element_type=\"widget\" data-widget_type=\"text-editor.default\">\n\t\t\t\t\t\t\t\t\t<h3 data-start=\"548\" data-end=\"569\">1. Introduction<\/h3><p data-start=\"570\" data-end=\"878\">Adanac (\u201cwe,\u201d \u201cus,\u201d \u201cour\u201d) places a high priority on protecting your personal information. This Privacy Policy explains how we collect, use, disclose, and protect your information when you visit our website or use our services.<\/p><h3 data-start=\"880\" data-end=\"914\">2. Information collected<\/h3><p data-start=\"915\" data-end=\"968\">We may collect the following information:<\/p><ul data-start=\"969\" data-end=\"1133\"><li data-start=\"969\" data-end=\"986\"><p data-start=\"971\" data-end=\"986\">First and last name<\/p><\/li><li data-start=\"987\" data-end=\"1010\"><p data-start=\"989\" data-end=\"1010\">Company Name<\/p><\/li><li data-start=\"1011\" data-end=\"1031\"><p data-start=\"1013\" data-end=\"1031\">Email address<\/p><\/li><li data-start=\"1032\" data-end=\"1055\"><p data-start=\"1034\" data-end=\"1055\">Phone number<\/p><\/li><li data-start=\"1056\" data-end=\"1133\"><p data-start=\"1058\" data-end=\"1133\">Any information voluntarily provided through our contact forms<\/p><\/li><\/ul><p data-start=\"1135\" data-end=\"1228\">We do not collect any sensitive personal information without your explicit consent.<\/p><h3 data-start=\"1230\" data-end=\"1269\">3. Use of Information<\/h3><p data-start=\"1270\" data-end=\"1319\">The information collected is used to:<\/p><ul data-start=\"1320\" data-end=\"1495\"><li data-start=\"1320\" data-end=\"1347\"><p data-start=\"1322\" data-end=\"1347\">Responding to your requests<\/p><\/li><li data-start=\"1348\" data-end=\"1385\"><p data-start=\"1350\" data-end=\"1385\">Provide and improve our services<\/p><\/li><li data-start=\"1386\" data-end=\"1439\"><p data-start=\"1388\" data-end=\"1439\">To contact you for business purposes<\/p><\/li><li data-start=\"1440\" data-end=\"1495\"><p data-start=\"1442\" data-end=\"1495\">Comply with our legal and regulatory obligations<\/p><\/li><\/ul><h3 data-start=\"1497\" data-end=\"1532\">4. Information Sharing<\/h3><p data-start=\"1533\" data-end=\"1801\">Adanac does not sell, trade, or rent your personal information.<br data-start=\"1600\" data-end=\"1603\" \/>Certain information may be shared with third-party service providers only when necessary for the operation of our services, and always in a confidential manner.<\/p><h3 data-start=\"1803\" data-end=\"1836\">5. Data Retention<\/h3><p data-start=\"1837\" data-end=\"2049\">We retain your personal information only for as long as necessary to fulfill the purposes for which it was collected, unless a longer retention period is required or permitted by law.<\/p><h3 data-start=\"2051\" data-end=\"2068\">6. Safety<\/h3><p data-start=\"2069\" data-end=\"2227\">We implement reasonable security measures to protect your information from unauthorized access, disclosure, or alteration.<\/p><h3 data-start=\"2229\" data-end=\"2248\">7. Your rights<\/h3><p data-start=\"2249\" data-end=\"2401\">In accordance with applicable laws, you may request access to, correction of, or deletion of your personal information by contacting us.<\/p><h3 data-start=\"2403\" data-end=\"2425\">8. Modifications<\/h3><p data-start=\"2426\" data-end=\"2522\">This policy may be amended at any time. Any updates will be posted on this page.<\/p><h3 data-start=\"2524\" data-end=\"2540\">9. Contact<\/h3><p data-start=\"2541\" data-end=\"2625\">If you have any questions about this policy:<\/p><p data-start=\"2541\" data-end=\"2625\"><a href=\"mailto:info@locationadanac.com\">info@locationadanac.com<\/a><\/p>\t\t\t\t\t\t\t\t<\/div>\n\t\t\t\t\t<\/div>\n\t\t\t\t<\/div>\n\t\t\t\t<\/div>","protected":false},"excerpt":{"rendered":"<p>POLITIQUE DE CONFIDENTIALIT\u00c9 1. Introduction Adanac (\u00ab nous \u00bb, \u00ab notre \u00bb, \u00ab nos \u00bb) accorde une grande importance \u00e0 la protection de vos renseignements personnels. La pr\u00e9sente politique de confidentialit\u00e9 explique comment nous recueillons, utilisons, divulguons et prot\u00e9geons vos informations lorsque vous visitez notre site web ou utilisez nos services. 2. Renseignements recueillis Nous [&hellip;]<\/p>","protected":false},"author":1,"featured_media":0,"parent":0,"menu_order":0,"comment_status":"closed","ping_status":"open","template":"","meta":{"footnotes":""},"class_list":["post-3","page","type-page","status-publish","hentry"],"aioseo_notices":[],"_hostinger_reach_plugin_has_subscription_block":false,"_hostinger_reach_plugin_is_elementor":false,"_links":{"self":[{"href":"https:\/\/locationadanac.com\/en\/wp-json\/wp\/v2\/pages\/3","targetHints":{"allow":["GET"]}}],"collection":[{"href":"https:\/\/locationadanac.com\/en\/wp-json\/wp\/v2\/pages"}],"about":[{"href":"https:\/\/locationadanac.com\/en\/wp-json\/wp\/v2\/types\/page"}],"author":[{"embeddable":true,"href":"https:\/\/locationadanac.com\/en\/wp-json\/wp\/v2\/users\/1"}],"replies":[{"embeddable":true,"href":"https:\/\/locationadanac.com\/en\/wp-json\/wp\/v2\/comments?post=3"}],"version-history":[{"count":15,"href":"https:\/\/locationadanac.com\/en\/wp-json\/wp\/v2\/pages\/3\/revisions"}],"predecessor-version":[{"id":337,"href":"https:\/\/locationadanac.com\/en\/wp-json\/wp\/v2\/pages\/3\/revisions\/337"}],"wp:attachment":[{"href":"https:\/\/locationadanac.com\/en\/wp-json\/wp\/v2\/media?parent=3"}],"curies":[{"name":"wp","href":"https:\/\/api.w.org\/{rel}","templated":true}]}}