{"id":330,"date":"2025-12-18T18:54:41","date_gmt":"2025-12-18T18:54:41","guid":{"rendered":"https:\/\/locationadanac.com\/?page_id=330"},"modified":"2025-12-18T19:07:44","modified_gmt":"2025-12-18T19:07:44","slug":"termes-et-conditions","status":"publish","type":"page","link":"https:\/\/locationadanac.com\/en\/termes-et-conditions\/","title":{"rendered":"Terms and Conditions"},"content":{"rendered":"<div data-elementor-type=\"wp-page\" data-elementor-id=\"330\" class=\"elementor elementor-330\">\n\t\t\t\t<div class=\"elementor-element elementor-element-ebe376e e-flex e-con-boxed e-con e-parent\" data-id=\"ebe376e\" data-element_type=\"container\">\n\t\t\t\t\t<div class=\"e-con-inner\">\n\t\t\t\t<div class=\"elementor-element elementor-element-ffda8bb elementor-widget elementor-widget-heading\" data-id=\"ffda8bb\" data-element_type=\"widget\" data-widget_type=\"heading.default\">\n\t\t\t\t\t<h2 class=\"elementor-heading-title elementor-size-default\">Terms and Conditions<\/h2>\t\t\t\t<\/div>\n\t\t\t\t<div class=\"elementor-element elementor-element-1579cc3 elementor-widget elementor-widget-text-editor\" data-id=\"1579cc3\" data-element_type=\"widget\" data-widget_type=\"text-editor.default\">\n\t\t\t\t\t\t\t\t\t<h3 data-start=\"2687\" data-end=\"2722\">1. Acceptance of Terms<\/h3><p data-start=\"2723\" data-end=\"2899\">By accessing the Adanac website, you agree to be bound by these terms and conditions. If you do not agree to these terms, please do not use the site.<\/p><h3 data-start=\"2901\" data-end=\"2929\">2. Use of the Site<\/h3><p data-start=\"2930\" data-end=\"3085\">The content of this website is provided for general informational purposes only. Adanac reserves the right to modify or remove any content without notice.<\/p><h3 data-start=\"3087\" data-end=\"3120\">3. Intellectual Property<\/h3><p data-start=\"3121\" data-end=\"3329\">All text, logos, graphics, and content on this site are the exclusive property of Adanac or its partners and are protected by applicable intellectual property laws.<\/p><h3 data-start=\"3331\" data-end=\"3368\">4. Limitation of Liability<\/h3><p data-start=\"3369\" data-end=\"3526\">Adanac shall not be held liable for any direct or indirect damages arising from the use of, or the inability to use, the website or its services.<\/p><h3 data-start=\"3528\" data-end=\"3557\">5. Links to Third-Party Sites<\/h3><p data-start=\"3558\" data-end=\"3729\">This site may contain links to third-party websites. Adanac has no control over these sites and assumes no responsibility for their content or practices.<\/p><h3 data-start=\"3731\" data-end=\"3767\">6. Accuracy of the information<\/h3><p data-start=\"3768\" data-end=\"3963\">Although we make reasonable efforts to ensure the accuracy of the information provided, Adanac does not guarantee that the content of the site is error-free or up to date at all times.<\/p><h3 data-start=\"3965\" data-end=\"3990\">7. Governing Law<\/h3><p data-start=\"3991\" data-end=\"4102\">These terms and conditions are governed by the laws of the Province of Quebec and the laws of Canada.<\/p><h3 data-start=\"4104\" data-end=\"4126\">8. Modifications<\/h3><p data-start=\"4127\" data-end=\"4274\">Adanac reserves the right to modify these terms and conditions at any time. Changes take effect as soon as they are posted on the website.<\/p><h3 data-start=\"4276\" data-end=\"4292\">9. Contact<\/h3><p data-start=\"4293\" data-end=\"4384\">If you have any questions regarding these terms and conditions:<\/p><p data-start=\"4293\" data-end=\"4384\"><a href=\"mailto:info@locationadanac.com\">info@locationadanac.com<\/a><\/p>\t\t\t\t\t\t\t\t<\/div>\n\t\t\t\t\t<\/div>\n\t\t\t\t<\/div>\n\t\t\t\t<\/div>","protected":false},"excerpt":{"rendered":"<p>Termes et Conditions 1. Acceptation des conditions En acc\u00e9dant au site web d\u2019Adanac, vous acceptez d\u2019\u00eatre li\u00e9 par les pr\u00e9sentes conditions g\u00e9n\u00e9rales. Si vous n\u2019\u00eates pas d\u2019accord avec celles-ci, veuillez ne pas utiliser le site. 2. Utilisation du site Le contenu du site est fourni \u00e0 des fins d\u2019information g\u00e9n\u00e9rale uniquement. Adanac se r\u00e9serve le [&hellip;]<\/p>","protected":false},"author":1,"featured_media":0,"parent":0,"menu_order":0,"comment_status":"closed","ping_status":"closed","template":"","meta":{"footnotes":""},"class_list":["post-330","page","type-page","status-publish","hentry"],"aioseo_notices":[],"_hostinger_reach_plugin_has_subscription_block":false,"_hostinger_reach_plugin_is_elementor":false,"_links":{"self":[{"href":"https:\/\/locationadanac.com\/en\/wp-json\/wp\/v2\/pages\/330","targetHints":{"allow":["GET"]}}],"collection":[{"href":"https:\/\/locationadanac.com\/en\/wp-json\/wp\/v2\/pages"}],"about":[{"href":"https:\/\/locationadanac.com\/en\/wp-json\/wp\/v2\/types\/page"}],"author":[{"embeddable":true,"href":"https:\/\/locationadanac.com\/en\/wp-json\/wp\/v2\/users\/1"}],"replies":[{"embeddable":true,"href":"https:\/\/locationadanac.com\/en\/wp-json\/wp\/v2\/comments?post=330"}],"version-history":[{"count":7,"href":"https:\/\/locationadanac.com\/en\/wp-json\/wp\/v2\/pages\/330\/revisions"}],"predecessor-version":[{"id":340,"href":"https:\/\/locationadanac.com\/en\/wp-json\/wp\/v2\/pages\/330\/revisions\/340"}],"wp:attachment":[{"href":"https:\/\/locationadanac.com\/en\/wp-json\/wp\/v2\/media?parent=330"}],"curies":[{"name":"wp","href":"https:\/\/api.w.org\/{rel}","templated":true}]}}